{"id":12963,"date":"2024-08-06T17:41:56","date_gmt":"2024-08-06T15:41:56","guid":{"rendered":"https:\/\/yonder.info\/kontakt\/"},"modified":"2026-01-21T18:26:51","modified_gmt":"2026-01-21T17:26:51","slug":"kontakt","status":"publish","type":"page","link":"https:\/\/yonder.info\/de\/kontakt\/","title":{"rendered":"Kontakt"},"content":{"rendered":"\t\t<div data-elementor-type=\"wp-page\" data-elementor-id=\"12963\" class=\"elementor elementor-12963 elementor-3331\" data-elementor-post-type=\"page\">\n\t\t\t\t<div class=\"elementor-element elementor-element-b1155bf e-con-full container-padrao e-flex e-con e-parent\" data-id=\"b1155bf\" data-element_type=\"container\" data-e-type=\"container\">\n\t\t<div class=\"elementor-element elementor-element-6a8a36c e-flex e-con-boxed e-con e-child\" data-id=\"6a8a36c\" data-element_type=\"container\" data-e-type=\"container\">\n\t\t\t\t\t<div class=\"e-con-inner\">\n\t\t\t\t<div class=\"elementor-element elementor-element-6d3ab16 elementor-widget__width-initial space_margin-bottom_abstand1_1 elementor-widget elementor-widget-heading\" data-id=\"6d3ab16\" data-element_type=\"widget\" data-e-type=\"widget\" data-widget_type=\"heading.default\">\n\t\t\t\t<div class=\"elementor-widget-container\">\n\t\t\t\t\t<h2 class=\"elementor-heading-title elementor-size-default\">Kontakt<\/h2>\t\t\t\t<\/div>\n\t\t\t\t<\/div>\n\t\t\t\t<div class=\"elementor-element elementor-element-5e77c4b  headline headline_desktop headline1 space_margin-bottom_abstand3 elementor-widget elementor-widget-heading\" data-id=\"5e77c4b\" data-element_type=\"widget\" data-e-type=\"widget\" data-widget_type=\"heading.default\">\n\t\t\t\t<div class=\"elementor-widget-container\">\n\t\t\t\t\t<h1 class=\"elementor-heading-title elementor-size-default\">Wie k\u00f6nnen wir Ihnen helfen?<\/h1>\t\t\t\t<\/div>\n\t\t\t\t<\/div>\n\t\t\t\t<div class=\"elementor-element elementor-element-285028e links space_padding-bottom_abstand5 elementor-icon-list--layout-traditional elementor-list-item-link-full_width elementor-widget elementor-widget-icon-list\" data-id=\"285028e\" data-element_type=\"widget\" data-e-type=\"widget\" data-widget_type=\"icon-list.default\">\n\t\t\t\t<div class=\"elementor-widget-container\">\n\t\t\t\t\t\t\t<ul class=\"elementor-icon-list-items\">\n\t\t\t\t\t\t\t<li class=\"elementor-icon-list-item\">\n\t\t\t\t\t\t\t\t\t\t\t<a href=\"mailto:marketing@yonder.info\">\n\n\t\t\t\t\t\t\t\t\t\t\t<span class=\"elementor-icon-list-text\"><p style=\"border-bottom: 1px solid #005aff\">contact@yonder.info<p><\/span>\n\t\t\t\t\t\t\t\t\t\t\t<\/a>\n\t\t\t\t\t\t\t\t\t<\/li>\n\t\t\t\t\t\t\t\t<li class=\"elementor-icon-list-item\">\n\t\t\t\t\t\t\t\t\t\t\t<a href=\"https:\/\/calendly.com\/d\/2gm-g9y-4hp\/yonder-demo\">\n\n\t\t\t\t\t\t\t\t\t\t\t<span class=\"elementor-icon-list-text\"><p style=\"border-bottom: 1px solid #005aff\">Demo anfordern<p><\/span>\n\t\t\t\t\t\t\t\t\t\t\t<\/a>\n\t\t\t\t\t\t\t\t\t<\/li>\n\t\t\t\t\t\t\t\t<li class=\"elementor-icon-list-item\">\n\t\t\t\t\t\t\t\t\t\t\t<a href=\"https:\/\/support.yonder.info\/support\/login\">\n\n\t\t\t\t\t\t\t\t\t\t\t<span class=\"elementor-icon-list-text\"><p style=\"border-bottom: 1px solid #005aff\">Support Login<p><\/span>\n\t\t\t\t\t\t\t\t\t\t\t<\/a>\n\t\t\t\t\t\t\t\t\t<\/li>\n\t\t\t\t\t\t<\/ul>\n\t\t\t\t\t\t<\/div>\n\t\t\t\t<\/div>\n\t\t\t\t\t<\/div>\n\t\t\t\t<\/div>\n\t\t\t\t<\/div>\n\t\t<div class=\"elementor-element elementor-element-319cd16 e-con-full e-flex e-con e-parent\" data-id=\"319cd16\" data-element_type=\"container\" data-e-type=\"container\" data-settings=\"{&quot;background_background&quot;:&quot;classic&quot;}\">\n\t\t<div class=\"elementor-element elementor-element-a34f5da e-flex e-con-boxed e-con e-child\" data-id=\"a34f5da\" data-element_type=\"container\" data-e-type=\"container\">\n\t\t\t\t\t<div class=\"e-con-inner\">\n\t\t<div class=\"elementor-element elementor-element-83089c7 e-con-full e-flex e-con e-child\" data-id=\"83089c7\" data-element_type=\"container\" data-e-type=\"container\" data-settings=\"{&quot;background_background&quot;:&quot;classic&quot;}\">\n\t\t\t\t<div class=\"elementor-element elementor-element-0923d6c elementor-widget elementor-widget-heading\" data-id=\"0923d6c\" data-element_type=\"widget\" data-e-type=\"widget\" data-widget_type=\"heading.default\">\n\t\t\t\t<div class=\"elementor-widget-container\">\n\t\t\t\t\t<h2 class=\"elementor-heading-title elementor-size-default\">Z\u00fcrich HQ<\/h2>\t\t\t\t<\/div>\n\t\t\t\t<\/div>\n\t\t\t\t<div class=\"elementor-element elementor-element-6e52b23 elementor-widget elementor-widget-text-editor\" data-id=\"6e52b23\" data-element_type=\"widget\" data-e-type=\"widget\" data-widget_type=\"text-editor.default\">\n\t\t\t\t<div class=\"elementor-widget-container\">\n\t\t\t\t\t\t\t\t\t<p>Yonder AG<br \/>Leutschenbachstrasse 45<br \/>8050 Z\u00fcrich, Switzerland<\/p>\t\t\t\t\t\t\t\t<\/div>\n\t\t\t\t<\/div>\n\t\t\t\t<div class=\"elementor-element elementor-element-0a7b473 elementor-widget elementor-widget-button\" data-id=\"0a7b473\" data-element_type=\"widget\" data-e-type=\"widget\" data-widget_type=\"button.default\">\n\t\t\t\t<div class=\"elementor-widget-container\">\n\t\t\t\t\t\t\t\t\t<div class=\"elementor-button-wrapper\">\n\t\t\t\t\t<a class=\"elementor-button elementor-button-link elementor-size-sm\" href=\"https:\/\/www.google.com\/maps\/place\/Yonder\/@47.4142187,8.5399386,17z\/data=!3m1!4b1!4m5!3m4!1s0x479aa7cbd5e65c95:0xef1f6f35fb997bb0!8m2!3d47.4142151!4d8.5421273\" target=\"_blank\">\n\t\t\t\t\t\t<span class=\"elementor-button-content-wrapper\">\n\t\t\t\t\t\t\t\t\t<span class=\"elementor-button-text\">Google Maps<\/span>\n\t\t\t\t\t<\/span>\n\t\t\t\t\t<\/a>\n\t\t\t\t<\/div>\n\t\t\t\t\t\t\t\t<\/div>\n\t\t\t\t<\/div>\n\t\t\t\t<\/div>\n\t\t\t\t\t<\/div>\n\t\t\t\t<\/div>\n\t\t\t\t<\/div>\n\t\t\t\t<\/div>\n\t\t","protected":false},"excerpt":{"rendered":"<p>Kontakt Wie k\u00f6nnen wir Ihnen helfen? contact@yonder.info Demo anfordern Support Login Z\u00fcrich HQ Yonder AGLeutschenbachstrasse 458050 Z\u00fcrich, Switzerland Google Maps<\/p>\n","protected":false},"author":7,"featured_media":0,"parent":0,"menu_order":0,"comment_status":"closed","ping_status":"closed","template":"","meta":{"_acf_changed":false,"content-type":"","inline_featured_image":false,"footnotes":""},"class_list":["post-12963","page","type-page","status-publish","hentry"],"acf":false,"yoast_head":"<!-- This site is optimized with the Yoast SEO plugin v27.3 - https:\/\/yoast.com\/product\/yoast-seo-wordpress\/ -->\n<title>Kontakt | Yonder<\/title>\n<meta name=\"robots\" content=\"index, follow, max-snippet:-1, max-image-preview:large, max-video-preview:-1\" \/>\n<link rel=\"canonical\" href=\"https:\/\/yonder.info\/de\/kontakt\/\" \/>\n<meta property=\"og:locale\" content=\"de_DE\" \/>\n<meta property=\"og:type\" content=\"article\" \/>\n<meta property=\"og:title\" content=\"Kontakt | Yonder\" \/>\n<meta property=\"og:description\" content=\"Kontakt Wie k\u00f6nnen wir Ihnen helfen? contact@yonder.info Demo anfordern Support Login Z\u00fcrich HQ Yonder AGLeutschenbachstrasse 458050 Z\u00fcrich, Switzerland Google Maps\" \/>\n<meta property=\"og:url\" content=\"https:\/\/yonder.info\/de\/kontakt\/\" \/>\n<meta property=\"og:site_name\" content=\"Yonder\" \/>\n<meta property=\"article:modified_time\" content=\"2026-01-21T17:26:51+00:00\" \/>\n<meta name=\"twitter:card\" content=\"summary_large_image\" \/>\n<meta name=\"twitter:label1\" content=\"Gesch\u00e4tzte Lesezeit\" \/>\n\t<meta name=\"twitter:data1\" content=\"1\u00a0Minute\" \/>\n<script type=\"application\/ld+json\" class=\"yoast-schema-graph\">{\"@context\":\"https:\\\/\\\/schema.org\",\"@graph\":[{\"@type\":\"WebPage\",\"@id\":\"https:\\\/\\\/yonder.info\\\/de\\\/kontakt\\\/\",\"url\":\"https:\\\/\\\/yonder.info\\\/de\\\/kontakt\\\/\",\"name\":\"Kontakt | Yonder\",\"isPartOf\":{\"@id\":\"https:\\\/\\\/yonder.info\\\/de\\\/#website\"},\"datePublished\":\"2024-08-06T15:41:56+00:00\",\"dateModified\":\"2026-01-21T17:26:51+00:00\",\"breadcrumb\":{\"@id\":\"https:\\\/\\\/yonder.info\\\/de\\\/kontakt\\\/#breadcrumb\"},\"inLanguage\":\"de\",\"potentialAction\":[{\"@type\":\"ReadAction\",\"target\":[\"https:\\\/\\\/yonder.info\\\/de\\\/kontakt\\\/\"]}]},{\"@type\":\"BreadcrumbList\",\"@id\":\"https:\\\/\\\/yonder.info\\\/de\\\/kontakt\\\/#breadcrumb\",\"itemListElement\":[{\"@type\":\"ListItem\",\"position\":1,\"name\":\"Home\",\"item\":\"https:\\\/\\\/yonder.info\\\/de\\\/startseite-2\\\/\"},{\"@type\":\"ListItem\",\"position\":2,\"name\":\"Kontakt\"}]},{\"@type\":\"WebSite\",\"@id\":\"https:\\\/\\\/yonder.info\\\/de\\\/#website\",\"url\":\"https:\\\/\\\/yonder.info\\\/de\\\/\",\"name\":\"Yonder\",\"description\":\"[:en]Smart, fast, reliable \u2013 Yonder empowers you to take the next step in information management.[:de]Smart, schnell, sicher: Yonder erm\u00f6glicht Ihnen den n\u00e4chsten Schritt im Informations\u00admanagement.[:]\",\"publisher\":{\"@id\":\"https:\\\/\\\/yonder.info\\\/de\\\/#organization\"},\"potentialAction\":[{\"@type\":\"SearchAction\",\"target\":{\"@type\":\"EntryPoint\",\"urlTemplate\":\"https:\\\/\\\/yonder.info\\\/de\\\/?s={search_term_string}\"},\"query-input\":{\"@type\":\"PropertyValueSpecification\",\"valueRequired\":true,\"valueName\":\"search_term_string\"}}],\"inLanguage\":\"de\"},{\"@type\":\"Organization\",\"@id\":\"https:\\\/\\\/yonder.info\\\/de\\\/#organization\",\"name\":\"Yonder\",\"url\":\"https:\\\/\\\/yonder.info\\\/de\\\/\",\"logo\":{\"@type\":\"ImageObject\",\"inLanguage\":\"de\",\"@id\":\"https:\\\/\\\/yonder.info\\\/de\\\/#\\\/schema\\\/logo\\\/image\\\/\",\"url\":\"https:\\\/\\\/yonder.info\\\/wp-content\\\/uploads\\\/2023\\\/11\\\/yonder_logo_icon_darkblue_white_rgb.svg\",\"contentUrl\":\"https:\\\/\\\/yonder.info\\\/wp-content\\\/uploads\\\/2023\\\/11\\\/yonder_logo_icon_darkblue_white_rgb.svg\",\"width\":2834,\"height\":2834,\"caption\":\"Yonder\"},\"image\":{\"@id\":\"https:\\\/\\\/yonder.info\\\/de\\\/#\\\/schema\\\/logo\\\/image\\\/\"},\"sameAs\":[\"https:\\\/\\\/www.linkedin.com\\\/company\\\/yonder-info\\\/\"]}]}<\/script>\n<!-- \/ Yoast SEO plugin. -->","yoast_head_json":{"title":"Kontakt | Yonder","robots":{"index":"index","follow":"follow","max-snippet":"max-snippet:-1","max-image-preview":"max-image-preview:large","max-video-preview":"max-video-preview:-1"},"canonical":"https:\/\/yonder.info\/de\/kontakt\/","og_locale":"de_DE","og_type":"article","og_title":"Kontakt | Yonder","og_description":"Kontakt Wie k\u00f6nnen wir Ihnen helfen? contact@yonder.info Demo anfordern Support Login Z\u00fcrich HQ Yonder AGLeutschenbachstrasse 458050 Z\u00fcrich, Switzerland Google Maps","og_url":"https:\/\/yonder.info\/de\/kontakt\/","og_site_name":"Yonder","article_modified_time":"2026-01-21T17:26:51+00:00","twitter_card":"summary_large_image","twitter_misc":{"Gesch\u00e4tzte Lesezeit":"1\u00a0Minute"},"schema":{"@context":"https:\/\/schema.org","@graph":[{"@type":"WebPage","@id":"https:\/\/yonder.info\/de\/kontakt\/","url":"https:\/\/yonder.info\/de\/kontakt\/","name":"Kontakt | Yonder","isPartOf":{"@id":"https:\/\/yonder.info\/de\/#website"},"datePublished":"2024-08-06T15:41:56+00:00","dateModified":"2026-01-21T17:26:51+00:00","breadcrumb":{"@id":"https:\/\/yonder.info\/de\/kontakt\/#breadcrumb"},"inLanguage":"de","potentialAction":[{"@type":"ReadAction","target":["https:\/\/yonder.info\/de\/kontakt\/"]}]},{"@type":"BreadcrumbList","@id":"https:\/\/yonder.info\/de\/kontakt\/#breadcrumb","itemListElement":[{"@type":"ListItem","position":1,"name":"Home","item":"https:\/\/yonder.info\/de\/startseite-2\/"},{"@type":"ListItem","position":2,"name":"Kontakt"}]},{"@type":"WebSite","@id":"https:\/\/yonder.info\/de\/#website","url":"https:\/\/yonder.info\/de\/","name":"Yonder","description":"[:en]Smart, fast, reliable \u2013 Yonder empowers you to take the next step in information management.[:de]Smart, schnell, sicher: Yonder erm\u00f6glicht Ihnen den n\u00e4chsten Schritt im Informations\u00admanagement.[:]","publisher":{"@id":"https:\/\/yonder.info\/de\/#organization"},"potentialAction":[{"@type":"SearchAction","target":{"@type":"EntryPoint","urlTemplate":"https:\/\/yonder.info\/de\/?s={search_term_string}"},"query-input":{"@type":"PropertyValueSpecification","valueRequired":true,"valueName":"search_term_string"}}],"inLanguage":"de"},{"@type":"Organization","@id":"https:\/\/yonder.info\/de\/#organization","name":"Yonder","url":"https:\/\/yonder.info\/de\/","logo":{"@type":"ImageObject","inLanguage":"de","@id":"https:\/\/yonder.info\/de\/#\/schema\/logo\/image\/","url":"https:\/\/yonder.info\/wp-content\/uploads\/2023\/11\/yonder_logo_icon_darkblue_white_rgb.svg","contentUrl":"https:\/\/yonder.info\/wp-content\/uploads\/2023\/11\/yonder_logo_icon_darkblue_white_rgb.svg","width":2834,"height":2834,"caption":"Yonder"},"image":{"@id":"https:\/\/yonder.info\/de\/#\/schema\/logo\/image\/"},"sameAs":["https:\/\/www.linkedin.com\/company\/yonder-info\/"]}]}},"_links":{"self":[{"href":"https:\/\/yonder.info\/de\/wp-json\/wp\/v2\/pages\/12963","targetHints":{"allow":["GET"]}}],"collection":[{"href":"https:\/\/yonder.info\/de\/wp-json\/wp\/v2\/pages"}],"about":[{"href":"https:\/\/yonder.info\/de\/wp-json\/wp\/v2\/types\/page"}],"author":[{"embeddable":true,"href":"https:\/\/yonder.info\/de\/wp-json\/wp\/v2\/users\/7"}],"replies":[{"embeddable":true,"href":"https:\/\/yonder.info\/de\/wp-json\/wp\/v2\/comments?post=12963"}],"version-history":[{"count":3,"href":"https:\/\/yonder.info\/de\/wp-json\/wp\/v2\/pages\/12963\/revisions"}],"predecessor-version":[{"id":16753,"href":"https:\/\/yonder.info\/de\/wp-json\/wp\/v2\/pages\/12963\/revisions\/16753"}],"wp:attachment":[{"href":"https:\/\/yonder.info\/de\/wp-json\/wp\/v2\/media?parent=12963"}],"curies":[{"name":"wp","href":"https:\/\/api.w.org\/{rel}","templated":true}]}}