{"id":13664,"date":"2024-09-05T15:30:41","date_gmt":"2024-09-05T13:30:41","guid":{"rendered":"https:\/\/yonder.info\/create-account\/"},"modified":"2024-12-17T06:06:02","modified_gmt":"2024-12-17T05:06:02","slug":"create-account","status":"publish","type":"page","link":"https:\/\/yonder.info\/de\/create-account\/","title":{"rendered":"Create Account"},"content":{"rendered":"\t\t<div data-elementor-type=\"wp-page\" data-elementor-id=\"13664\" class=\"elementor elementor-13664 elementor-7009\" data-elementor-post-type=\"page\">\n\t\t\t\t<div class=\"elementor-element elementor-element-b8a16b9 e-grid e-con-boxed e-con e-parent\" data-id=\"b8a16b9\" data-element_type=\"container\" data-e-type=\"container\">\n\t\t\t\t\t<div class=\"e-con-inner\">\n\t\t\t\t<div class=\"elementor-element elementor-element-04b34d9 elementor-widget elementor-widget-shortcode\" data-id=\"04b34d9\" data-element_type=\"widget\" data-e-type=\"widget\" data-widget_type=\"shortcode.default\">\n\t\t\t\t<div class=\"elementor-widget-container\">\n\t\t\t\t\t\t\t<div class=\"elementor-shortcode\">\t\t\n        <form method=\"post\" class=\"woocommerce-form woocommerce-form-register register\" >\n\n                \t\t\t\t\n\t\t\t\t<p class=\"woocommerce-form-row woocommerce-form-row--wide form-row form-row-wide\">\n                    <label for=\"reg_first_name\">First Name&nbsp;<span class=\"required\">*<\/span><\/label>\n                    <input type=\"text\" class=\"woocommerce-Input woocommerce-Input--text input-text\" name=\"first_name\" id=\"reg_first_name\" value=\"\" \/>\n                <\/p>\n\n                <p class=\"woocommerce-form-row woocommerce-form-row--wide form-row form-row-wide\">\n                    <label for=\"reg_last_name\">Last Name&nbsp;<span class=\"required\">*<\/span><\/label>\n                    <input type=\"text\" class=\"woocommerce-Input woocommerce-Input--text input-text\" name=\"last_name\" id=\"reg_last_name\" value=\"\" \/>\n                <\/p>\n\n                <p class=\"woocommerce-form-row woocommerce-form-row--wide form-row form-row-wide\">\n                    <label for=\"reg_email\">E-Mail-Adresse&nbsp;<span class=\"required\">*<\/span><\/label>\n                    <input type=\"email\" class=\"woocommerce-Input woocommerce-Input--text input-text\" name=\"email\" id=\"reg_email\" autocomplete=\"email\" value=\"\" \/>\n                <\/p>\n\t\t\t\n\t\t\t\t<p class=\"woocommerce-form-row woocommerce-form-row--wide form-row form-row-wide\">\n\t\t\t\t<label for=\"reg_phone\">Telefon&nbsp;<span class=\"required\">*<\/span><\/label>\n\t\t\t\t<input type=\"text\" class=\"woocommerce-Input woocommerce-Input--text input-text\" name=\"phone\" id=\"reg_phone\" value=\"\" \/>\n\t\t\t<\/p>\n\n                \n                    <p class=\"woocommerce-form-row woocommerce-form-row--wide form-row form-row-wide\">\n                        <label for=\"reg_password\">Passwort&nbsp;<span class=\"required\">*<\/span><\/label>\n                        <input type=\"password\" class=\"woocommerce-Input woocommerce-Input--text input-text\" name=\"password\" id=\"reg_password\" autocomplete=\"new-password\" \/>\n                    <\/p>\n\n                \t\t\t\n\t\t\t\t<!-- Campo oculto -->\n                <input type=\"hidden\" name=\"hubspot_id\" value=\"\" \/>\n\n                <wc-order-attribution-inputs><\/wc-order-attribution-inputs><div class=\"woocommerce-privacy-policy-text\"><p>Seus dados pessoais ser\u00e3o usados para aprimorar a sua experi\u00eancia em todo este site, para gerenciar o acesso a sua conta e para outros prop\u00f3sitos, como descritos em nossa <a href=\"\" class=\"woocommerce-privacy-policy-link\" target=\"_blank\">Datenschutzerkl\u00e4rung<\/a>.<\/p>\n<\/div>\n                <p class=\"woocommerce-FormRow form-row\">\n                    <input type=\"hidden\" id=\"woocommerce-register-nonce\" name=\"woocommerce-register-nonce\" value=\"dd3970bbac\" \/><input type=\"hidden\" name=\"_wp_http_referer\" value=\"\/de\/wp-json\/wp\/v2\/pages\/13664\" \/>                    <button type=\"submit\" class=\"woocommerce-Button button\" name=\"register\" value=\"Registrieren\">Registrieren<\/button>\n                <\/p>\n\n                \n            <\/form>\n\t\t\n\t<\/div>\n\t\t\t\t\t\t<\/div>\n\t\t\t\t<\/div>\n\t\t\t\t<div class=\"elementor-element elementor-element-73d1119 elementor-hidden-tablet elementor-hidden-mobile elementor-widget elementor-widget-image\" data-id=\"73d1119\" data-element_type=\"widget\" data-e-type=\"widget\" data-widget_type=\"image.default\">\n\t\t\t\t<div class=\"elementor-widget-container\">\n\t\t\t\t\t\t\t\t\t\t\t\t\t\t\t<img fetchpriority=\"high\" decoding=\"async\" width=\"300\" height=\"300\" src=\"https:\/\/yonder.info\/wp-content\/uploads\/2023\/02\/yonder_ipad_german_web_home-300x300.jpg\" class=\"attachment-medium size-medium wp-image-12743\" alt=\"\" srcset=\"https:\/\/yonder.info\/wp-content\/uploads\/2023\/02\/yonder_ipad_german_web_home-300x300.jpg 300w, https:\/\/yonder.info\/wp-content\/uploads\/2023\/02\/yonder_ipad_german_web_home-100x100.jpg 100w, https:\/\/yonder.info\/wp-content\/uploads\/2023\/02\/yonder_ipad_german_web_home-600x600.jpg 600w, https:\/\/yonder.info\/wp-content\/uploads\/2023\/02\/yonder_ipad_german_web_home-1024x1024.jpg 1024w, https:\/\/yonder.info\/wp-content\/uploads\/2023\/02\/yonder_ipad_german_web_home-150x150.jpg 150w, https:\/\/yonder.info\/wp-content\/uploads\/2023\/02\/yonder_ipad_german_web_home-768x768.jpg 768w, https:\/\/yonder.info\/wp-content\/uploads\/2023\/02\/yonder_ipad_german_web_home-1536x1536.jpg 1536w, https:\/\/yonder.info\/wp-content\/uploads\/2023\/02\/yonder_ipad_german_web_home-2048x2048.jpg 2048w\" sizes=\"(max-width: 300px) 100vw, 300px\" \/>\t\t\t\t\t\t\t\t\t\t\t\t\t\t\t<\/div>\n\t\t\t\t<\/div>\n\t\t\t\t\t<\/div>\n\t\t\t\t<\/div>\n\t\t\t\t<\/div>\n\t\t","protected":false},"excerpt":{"rendered":"","protected":false},"author":7,"featured_media":0,"parent":0,"menu_order":0,"comment_status":"closed","ping_status":"closed","template":"","meta":{"_acf_changed":false,"content-type":"","inline_featured_image":false,"footnotes":""},"class_list":["post-13664","page","type-page","status-publish","hentry"],"acf":false,"yoast_head":"<!-- This site is optimized with the Yoast SEO plugin v27.4 - https:\/\/yoast.com\/product\/yoast-seo-wordpress\/ -->\n<title>Create Account | Yonder<\/title>\n<meta name=\"robots\" content=\"index, follow, max-snippet:-1, max-image-preview:large, max-video-preview:-1\" \/>\n<link rel=\"canonical\" href=\"https:\/\/yonder.info\/de\/create-account\/\" \/>\n<meta property=\"og:locale\" content=\"de_DE\" \/>\n<meta property=\"og:type\" content=\"article\" \/>\n<meta property=\"og:title\" content=\"Create Account | Yonder\" \/>\n<meta property=\"og:url\" content=\"https:\/\/yonder.info\/de\/create-account\/\" \/>\n<meta property=\"og:site_name\" content=\"Yonder\" \/>\n<meta property=\"article:modified_time\" content=\"2024-12-17T05:06:02+00:00\" \/>\n<meta property=\"og:image\" content=\"https:\/\/yonder.info\/wp-content\/uploads\/2023\/02\/yonder_ipad_german_web_home-300x300.jpg\" \/>\n<meta name=\"twitter:card\" content=\"summary_large_image\" \/>\n<script type=\"application\/ld+json\" class=\"yoast-schema-graph\">{\"@context\":\"https:\\\/\\\/schema.org\",\"@graph\":[{\"@type\":\"WebPage\",\"@id\":\"https:\\\/\\\/yonder.info\\\/de\\\/create-account\\\/\",\"url\":\"https:\\\/\\\/yonder.info\\\/de\\\/create-account\\\/\",\"name\":\"Create Account | Yonder\",\"isPartOf\":{\"@id\":\"https:\\\/\\\/yonder.info\\\/de\\\/#website\"},\"primaryImageOfPage\":{\"@id\":\"https:\\\/\\\/yonder.info\\\/de\\\/create-account\\\/#primaryimage\"},\"image\":{\"@id\":\"https:\\\/\\\/yonder.info\\\/de\\\/create-account\\\/#primaryimage\"},\"thumbnailUrl\":\"https:\\\/\\\/yonder.info\\\/wp-content\\\/uploads\\\/2023\\\/02\\\/yonder_ipad_german_web_home-300x300.jpg\",\"datePublished\":\"2024-09-05T13:30:41+00:00\",\"dateModified\":\"2024-12-17T05:06:02+00:00\",\"breadcrumb\":{\"@id\":\"https:\\\/\\\/yonder.info\\\/de\\\/create-account\\\/#breadcrumb\"},\"inLanguage\":\"de\",\"potentialAction\":[{\"@type\":\"ReadAction\",\"target\":[\"https:\\\/\\\/yonder.info\\\/de\\\/create-account\\\/\"]}]},{\"@type\":\"ImageObject\",\"inLanguage\":\"de\",\"@id\":\"https:\\\/\\\/yonder.info\\\/de\\\/create-account\\\/#primaryimage\",\"url\":\"https:\\\/\\\/yonder.info\\\/wp-content\\\/uploads\\\/2023\\\/02\\\/yonder_ipad_german_web_home-300x300.jpg\",\"contentUrl\":\"https:\\\/\\\/yonder.info\\\/wp-content\\\/uploads\\\/2023\\\/02\\\/yonder_ipad_german_web_home-300x300.jpg\"},{\"@type\":\"BreadcrumbList\",\"@id\":\"https:\\\/\\\/yonder.info\\\/de\\\/create-account\\\/#breadcrumb\",\"itemListElement\":[{\"@type\":\"ListItem\",\"position\":1,\"name\":\"Home\",\"item\":\"https:\\\/\\\/yonder.info\\\/de\\\/startseite-2\\\/\"},{\"@type\":\"ListItem\",\"position\":2,\"name\":\"Create Account\"}]},{\"@type\":\"WebSite\",\"@id\":\"https:\\\/\\\/yonder.info\\\/de\\\/#website\",\"url\":\"https:\\\/\\\/yonder.info\\\/de\\\/\",\"name\":\"Yonder\",\"description\":\"[:en]Smart, fast, reliable \u2013 Yonder empowers you to take the next step in information management.[:de]Smart, schnell, sicher: Yonder erm\u00f6glicht Ihnen den n\u00e4chsten Schritt im Informations\u00admanagement.[:]\",\"publisher\":{\"@id\":\"https:\\\/\\\/yonder.info\\\/de\\\/#organization\"},\"potentialAction\":[{\"@type\":\"SearchAction\",\"target\":{\"@type\":\"EntryPoint\",\"urlTemplate\":\"https:\\\/\\\/yonder.info\\\/de\\\/?s={search_term_string}\"},\"query-input\":{\"@type\":\"PropertyValueSpecification\",\"valueRequired\":true,\"valueName\":\"search_term_string\"}}],\"inLanguage\":\"de\"},{\"@type\":\"Organization\",\"@id\":\"https:\\\/\\\/yonder.info\\\/de\\\/#organization\",\"name\":\"Yonder\",\"url\":\"https:\\\/\\\/yonder.info\\\/de\\\/\",\"logo\":{\"@type\":\"ImageObject\",\"inLanguage\":\"de\",\"@id\":\"https:\\\/\\\/yonder.info\\\/de\\\/#\\\/schema\\\/logo\\\/image\\\/\",\"url\":\"https:\\\/\\\/yonder.info\\\/wp-content\\\/uploads\\\/2023\\\/11\\\/yonder_logo_icon_darkblue_white_rgb.svg\",\"contentUrl\":\"https:\\\/\\\/yonder.info\\\/wp-content\\\/uploads\\\/2023\\\/11\\\/yonder_logo_icon_darkblue_white_rgb.svg\",\"width\":2834,\"height\":2834,\"caption\":\"Yonder\"},\"image\":{\"@id\":\"https:\\\/\\\/yonder.info\\\/de\\\/#\\\/schema\\\/logo\\\/image\\\/\"},\"sameAs\":[\"https:\\\/\\\/www.linkedin.com\\\/company\\\/yonder-info\\\/\"]}]}<\/script>\n<!-- \/ Yoast SEO plugin. -->","yoast_head_json":{"title":"Create Account | Yonder","robots":{"index":"index","follow":"follow","max-snippet":"max-snippet:-1","max-image-preview":"max-image-preview:large","max-video-preview":"max-video-preview:-1"},"canonical":"https:\/\/yonder.info\/de\/create-account\/","og_locale":"de_DE","og_type":"article","og_title":"Create Account | Yonder","og_url":"https:\/\/yonder.info\/de\/create-account\/","og_site_name":"Yonder","article_modified_time":"2024-12-17T05:06:02+00:00","og_image":[{"url":"https:\/\/yonder.info\/wp-content\/uploads\/2023\/02\/yonder_ipad_german_web_home-300x300.jpg","type":"","width":"","height":""}],"twitter_card":"summary_large_image","schema":{"@context":"https:\/\/schema.org","@graph":[{"@type":"WebPage","@id":"https:\/\/yonder.info\/de\/create-account\/","url":"https:\/\/yonder.info\/de\/create-account\/","name":"Create Account | Yonder","isPartOf":{"@id":"https:\/\/yonder.info\/de\/#website"},"primaryImageOfPage":{"@id":"https:\/\/yonder.info\/de\/create-account\/#primaryimage"},"image":{"@id":"https:\/\/yonder.info\/de\/create-account\/#primaryimage"},"thumbnailUrl":"https:\/\/yonder.info\/wp-content\/uploads\/2023\/02\/yonder_ipad_german_web_home-300x300.jpg","datePublished":"2024-09-05T13:30:41+00:00","dateModified":"2024-12-17T05:06:02+00:00","breadcrumb":{"@id":"https:\/\/yonder.info\/de\/create-account\/#breadcrumb"},"inLanguage":"de","potentialAction":[{"@type":"ReadAction","target":["https:\/\/yonder.info\/de\/create-account\/"]}]},{"@type":"ImageObject","inLanguage":"de","@id":"https:\/\/yonder.info\/de\/create-account\/#primaryimage","url":"https:\/\/yonder.info\/wp-content\/uploads\/2023\/02\/yonder_ipad_german_web_home-300x300.jpg","contentUrl":"https:\/\/yonder.info\/wp-content\/uploads\/2023\/02\/yonder_ipad_german_web_home-300x300.jpg"},{"@type":"BreadcrumbList","@id":"https:\/\/yonder.info\/de\/create-account\/#breadcrumb","itemListElement":[{"@type":"ListItem","position":1,"name":"Home","item":"https:\/\/yonder.info\/de\/startseite-2\/"},{"@type":"ListItem","position":2,"name":"Create Account"}]},{"@type":"WebSite","@id":"https:\/\/yonder.info\/de\/#website","url":"https:\/\/yonder.info\/de\/","name":"Yonder","description":"[:en]Smart, fast, reliable \u2013 Yonder empowers you to take the next step in information management.[:de]Smart, schnell, sicher: Yonder erm\u00f6glicht Ihnen den n\u00e4chsten Schritt im Informations\u00admanagement.[:]","publisher":{"@id":"https:\/\/yonder.info\/de\/#organization"},"potentialAction":[{"@type":"SearchAction","target":{"@type":"EntryPoint","urlTemplate":"https:\/\/yonder.info\/de\/?s={search_term_string}"},"query-input":{"@type":"PropertyValueSpecification","valueRequired":true,"valueName":"search_term_string"}}],"inLanguage":"de"},{"@type":"Organization","@id":"https:\/\/yonder.info\/de\/#organization","name":"Yonder","url":"https:\/\/yonder.info\/de\/","logo":{"@type":"ImageObject","inLanguage":"de","@id":"https:\/\/yonder.info\/de\/#\/schema\/logo\/image\/","url":"https:\/\/yonder.info\/wp-content\/uploads\/2023\/11\/yonder_logo_icon_darkblue_white_rgb.svg","contentUrl":"https:\/\/yonder.info\/wp-content\/uploads\/2023\/11\/yonder_logo_icon_darkblue_white_rgb.svg","width":2834,"height":2834,"caption":"Yonder"},"image":{"@id":"https:\/\/yonder.info\/de\/#\/schema\/logo\/image\/"},"sameAs":["https:\/\/www.linkedin.com\/company\/yonder-info\/"]}]}},"_links":{"self":[{"href":"https:\/\/yonder.info\/de\/wp-json\/wp\/v2\/pages\/13664","targetHints":{"allow":["GET"]}}],"collection":[{"href":"https:\/\/yonder.info\/de\/wp-json\/wp\/v2\/pages"}],"about":[{"href":"https:\/\/yonder.info\/de\/wp-json\/wp\/v2\/types\/page"}],"author":[{"embeddable":true,"href":"https:\/\/yonder.info\/de\/wp-json\/wp\/v2\/users\/7"}],"replies":[{"embeddable":true,"href":"https:\/\/yonder.info\/de\/wp-json\/wp\/v2\/comments?post=13664"}],"version-history":[{"count":0,"href":"https:\/\/yonder.info\/de\/wp-json\/wp\/v2\/pages\/13664\/revisions"}],"wp:attachment":[{"href":"https:\/\/yonder.info\/de\/wp-json\/wp\/v2\/media?parent=13664"}],"curies":[{"name":"wp","href":"https:\/\/api.w.org\/{rel}","templated":true}]}}